{"id":101,"date":"2024-03-26T21:50:19","date_gmt":"2024-03-26T20:50:19","guid":{"rendered":"https:\/\/signesdesetoiles.fr\/?page_id=101"},"modified":"2025-10-10T17:37:36","modified_gmt":"2025-10-10T15:37:36","slug":"mentions-legales","status":"publish","type":"page","link":"https:\/\/signesdesetoiles.fr\/index.php\/mentions-legales\/","title":{"rendered":"Mentions l\u00e9gales"},"content":{"rendered":"\n<p><strong>1 &#8211; \u00c9DITEUR<\/strong><\/p>\n\n\n\n<p>Le site www.signesdesetoiles.fr est \u00e9dit\u00e9 par Karine VALOUR , entreprise individuelle immatricul\u00e9e sous le num\u00e9ro SIRET : 98396247300028.<\/p>\n\n\n\n<p>Si\u00e8ge social&nbsp;: 2535 Route de Donnat &#8211; 30200 LA ROQUE SUR CEZE<\/p>\n\n\n\n<p>T\u00e9l\u00e9phone\u00a0: 07.43.53.68.86<\/p>\n\n\n\n<p>Courriel&nbsp;: karine.signesdesetoiles@gmail.com<\/p>\n\n\n\n<p>Directeur de publication&nbsp;: Karine VALOUR <\/p>\n\n\n\n<p><strong>2 &#8211; H\u00c9BERGEUR<\/strong><\/p>\n\n\n\n<p>OVH Cloud<\/p>\n\n\n\n<p><strong>3 &#8211; CR\u00c9DITS<\/strong><\/p>\n\n\n\n<p>Conception et r\u00e9alisation du site&nbsp;: Karine VALOUR <\/p>\n\n\n\n<p><strong>4 &#8211; PROPRI\u00c9T\u00c9 INTELLECTUELLE<\/strong><\/p>\n\n\n\n<p>L&rsquo;ensemble du site, y compris sa structure et son contenu (textes, graphiques, images, vid\u00e9os, sons, formulaires, etc.), est prot\u00e9g\u00e9 par le droit d&rsquo;auteur et de propri\u00e9t\u00e9 intellectuelle de l&rsquo;\u00e9diteur ou de ses fournisseurs et prestataires.<\/p>\n\n\n\n<p>Toute repr\u00e9sentation, reproduction, adaptation, modification ou exploitation non autoris\u00e9e est interdite et susceptible de constituer une contrefa\u00e7on au sens des articles L. 335-2 et suivants du Code de la propri\u00e9t\u00e9 intellectuelle.<\/p>\n\n\n\n<p><strong>5 &#8211; DONN\u00c9ES PERSONNELLES<\/strong><\/p>\n\n\n\n<p>L&rsquo;\u00e9diteur du site s&rsquo;engage \u00e0 mettre en \u0153uvre un traitement de vos donn\u00e9es personnelles respectueux de votre vie priv\u00e9e et conforme \u00e0 la l\u00e9gislation fran\u00e7aise et europ\u00e9enne en vigueur. Plus d&rsquo;informations sur le traitement de vos donn\u00e9es sont disponibles sur cette <a href=\"https:\/\/signesdesetoiles.fr\/?page_id=106\">page<\/a>. Vous reconnaissez en avoir pris connaissance pr\u00e9alablement \u00e0 toute utilisation du site.<\/p>\n\n\n\n<p><strong>6 &#8211; COOKIES<\/strong><\/p>\n\n\n\n<p>L&rsquo;\u00e9diteur du site utilise des cookies pour am\u00e9liorer votre exp\u00e9rience de navigation sur le site. Plus d&rsquo;informations sur le fonctionnement et la proc\u00e9dure \u00e0 suivre pour g\u00e9rer les cookies sont disponibles <a href=\"https:\/\/signesdesetoiles.fr\/?page_id=106\">ici<\/a>.<\/p>\n","protected":false},"excerpt":{"rendered":"<p>1 &#8211; \u00c9DITEUR Le site www.signesdesetoiles.fr est \u00e9dit\u00e9 par Karine VALOUR , entreprise individuelle immatricul\u00e9e sous le num\u00e9ro SIRET : 98396247300028. Si\u00e8ge social&nbsp;: 2535 Route de Donnat &#8211; 30200 LA ROQUE SUR CEZE T\u00e9l\u00e9phone\u00a0: 07.43.53.68.86 Courriel&nbsp;: karine.signesdesetoiles@gmail.com Directeur de publication&nbsp;: Karine VALOUR 2 &#8211; H\u00c9BERGEUR OVH Cloud 3 &#8211; CR\u00c9DITS Conception et r\u00e9alisation du site&nbsp;: [&hellip;]<\/p>\n","protected":false},"author":1,"featured_media":0,"parent":0,"menu_order":0,"comment_status":"closed","ping_status":"closed","template":"","meta":{"footnotes":""},"class_list":["post-101","page","type-page","status-publish","hentry"],"aioseo_notices":[],"_links":{"self":[{"href":"https:\/\/signesdesetoiles.fr\/index.php\/wp-json\/wp\/v2\/pages\/101","targetHints":{"allow":["GET"]}}],"collection":[{"href":"https:\/\/signesdesetoiles.fr\/index.php\/wp-json\/wp\/v2\/pages"}],"about":[{"href":"https:\/\/signesdesetoiles.fr\/index.php\/wp-json\/wp\/v2\/types\/page"}],"author":[{"embeddable":true,"href":"https:\/\/signesdesetoiles.fr\/index.php\/wp-json\/wp\/v2\/users\/1"}],"replies":[{"embeddable":true,"href":"https:\/\/signesdesetoiles.fr\/index.php\/wp-json\/wp\/v2\/comments?post=101"}],"version-history":[{"count":6,"href":"https:\/\/signesdesetoiles.fr\/index.php\/wp-json\/wp\/v2\/pages\/101\/revisions"}],"predecessor-version":[{"id":362,"href":"https:\/\/signesdesetoiles.fr\/index.php\/wp-json\/wp\/v2\/pages\/101\/revisions\/362"}],"wp:attachment":[{"href":"https:\/\/signesdesetoiles.fr\/index.php\/wp-json\/wp\/v2\/media?parent=101"}],"curies":[{"name":"wp","href":"https:\/\/api.w.org\/{rel}","templated":true}]}}