{"id":106,"date":"2024-03-26T21:49:58","date_gmt":"2024-03-26T20:49:58","guid":{"rendered":"https:\/\/signesdesetoiles.fr\/?page_id=106"},"modified":"2025-10-10T17:38:40","modified_gmt":"2025-10-10T15:38:40","slug":"politique-de-confidentialite-2","status":"publish","type":"page","link":"https:\/\/signesdesetoiles.fr\/index.php\/politique-de-confidentialite-2\/","title":{"rendered":"Politique de confidentialit\u00e9"},"content":{"rendered":"\n<p><strong>ARTICLE 1&nbsp;: INTRODUCTION<\/strong><\/p>\n\n\n\n<p>Cette politique de confidentialit\u00e9 s&rsquo;applique au site&nbsp;www.signesdesetoiles.fr<\/p>\n\n\n\n<p>La politique de confidentialit\u00e9 est un \u00e9l\u00e9ment essentiel de notre engagement envers nos utilisateurs. Nous sommes pleinement conscients de l\u2019importance de la protection de vos donn\u00e9es personnelles et nous nous engageons \u00e0 les traiter de mani\u00e8re responsable et s\u00e9curis\u00e9e. La pr\u00e9sente politique de confidentialit\u00e9 a pour but d&rsquo;expliquer aux utilisateurs du site&nbsp;:<\/p>\n\n\n\n<ul class=\"wp-block-list\">\n<li>Comment sont collect\u00e9es et trait\u00e9es leurs donn\u00e9es \u00e0 caract\u00e8re personnel&nbsp;;<\/li>\n\n\n\n<li>Quels sont les droits des utilisateurs concernant ces donn\u00e9es&nbsp;;<\/li>\n\n\n\n<li>Qui est responsable du traitement des donn\u00e9es collect\u00e9es et trait\u00e9es&nbsp;;<\/li>\n\n\n\n<li>A qui ces donn\u00e9es sont transmises&nbsp;;<\/li>\n\n\n\n<li>La politique du site en mati\u00e8re de fichiers \u00ab\u00a0cookies\u00a0\u00bb.<\/li>\n<\/ul>\n\n\n\n<p>Cette politique de confidentialit\u00e9 compl\u00e8te les mentions l\u00e9gales que les utilisateurs peuvent consulter <a href=\"https:\/\/signesdesetoiles.fr\/?page_id=101\">ici<\/a>. <\/p>\n\n\n\n<p><strong>ARTICLE 2&nbsp;: COLLECTE ET TRAITEMENT DE DONN\u00c9ES<\/strong><\/p>\n\n\n\n<p>Conform\u00e9ment aux dispositions de l&rsquo;article 5 du R\u00e8glement europ\u00e9en 2016\/679, les donn\u00e9es \u00e0 caract\u00e8re personnel doivent \u00eatre :<\/p>\n\n\n\n<ul class=\"wp-block-list\">\n<li>Trait\u00e9es de mani\u00e8re licite, loyale et transparente au regard de la personne concern\u00e9e (lic\u00e9it\u00e9, loyaut\u00e9, transparence) ;<\/li>\n\n\n\n<li>Collect\u00e9es pour des finalit\u00e9s d\u00e9termin\u00e9es, explicites et l\u00e9gitimes, et ne pas \u00eatre trait\u00e9es ult\u00e9rieurement d&rsquo;une mani\u00e8re incompatible avec ces finalit\u00e9s; le traitement ult\u00e9rieur \u00e0 des fins archivistiques dans l&rsquo;int\u00e9r\u00eat public, \u00e0 des fins de recherche scientifique ou historique ou \u00e0 des fins statistiques n&rsquo;est pas consid\u00e9r\u00e9, conform\u00e9ment \u00e0 l&rsquo;article 89, paragraphe 1, comme incompatible avec les finalit\u00e9s initiales (limitation des finalit\u00e9s) ;<\/li>\n\n\n\n<li>Ad\u00e9quates, pertinentes et limit\u00e9es \u00e0 ce qui est n\u00e9cessaire au regard des finalit\u00e9s pour lesquelles elles sont trait\u00e9es (minimisation des donn\u00e9es) ;<\/li>\n\n\n\n<li>Exactes et, si n\u00e9cessaire, tenues \u00e0 jour; toutes les mesures raisonnables doivent \u00eatre prises pour que les donn\u00e9es \u00e0 caract\u00e8re personnel qui sont inexactes, eu \u00e9gard aux finalit\u00e9s pour lesquelles elles sont trait\u00e9es, soient effac\u00e9es ou rectifi\u00e9es sans tarder (exactitude) ;<\/li>\n\n\n\n<li>Conserv\u00e9es sous une forme permettant l&rsquo;identification des personnes concern\u00e9es pendant une dur\u00e9e n&rsquo;exc\u00e9dant pas celle n\u00e9cessaire au regard des finalit\u00e9s pour lesquelles elles sont trait\u00e9es; les donn\u00e9es \u00e0 caract\u00e8re personnel peuvent \u00eatre conserv\u00e9es pour des dur\u00e9es plus longues dans la mesure o\u00f9 elles seront trait\u00e9es exclusivement \u00e0 des fins archivistiques dans l&rsquo;int\u00e9r\u00eat public, \u00e0 des fins de recherche scientifique ou historique ou \u00e0 des fins statistiques conform\u00e9ment \u00e0 l&rsquo;article 89, paragraphe 1, pour autant que soient mises en \u0153uvre les mesures techniques et organisationnelles appropri\u00e9es requises par le pr\u00e9sent r\u00e8glement afin de garantir les droits et libert\u00e9s de la personne concern\u00e9e (limitation de la conservation) ;<\/li>\n\n\n\n<li>Trait\u00e9es de fa\u00e7on \u00e0 garantir une s\u00e9curit\u00e9 appropri\u00e9e des donn\u00e9es \u00e0 caract\u00e8re personnel, y compris la protection contre le traitement non autoris\u00e9 ou illicite et contre la perte, la destruction ou les d\u00e9g\u00e2ts d&rsquo;origine accidentelle, \u00e0 l&rsquo;aide de mesures techniques ou organisationnelles appropri\u00e9es (int\u00e9grit\u00e9 et confidentialit\u00e9).<\/li>\n<\/ul>\n\n\n\n<p>Conform\u00e9ment aux exigences de l&rsquo;article 6 du r\u00e8glement europ\u00e9en 2016\/679, la collecte et le traitement n&rsquo;est licite que si, et dans la mesure o\u00f9, au moins une des conditions suivantes est remplie :<\/p>\n\n\n\n<ul class=\"wp-block-list\">\n<li>La personne concern\u00e9e a consenti au traitement de ses donn\u00e9es \u00e0 caract\u00e8re personnel pour une ou plusieurs finalit\u00e9s sp\u00e9cifiques ;<\/li>\n\n\n\n<li>Le traitement est n\u00e9cessaire \u00e0 l&rsquo;ex\u00e9cution d&rsquo;un contrat auquel la personne concern\u00e9e est partie ou \u00e0 l&rsquo;ex\u00e9cution de mesures pr\u00e9contractuelles prises \u00e0 la demande de celle-ci ;<\/li>\n\n\n\n<li>Le traitement est n\u00e9cessaire au respect d&rsquo;une obligation l\u00e9gale \u00e0 laquelle le responsable du traitement est soumis ;<\/li>\n\n\n\n<li>Le traitement est n\u00e9cessaire \u00e0 la sauvegarde des int\u00e9r\u00eats vitaux de la personne concern\u00e9e ou d&rsquo;une autre personne physique ;<\/li>\n\n\n\n<li>Le traitement est n\u00e9cessaire \u00e0 l&rsquo;ex\u00e9cution d&rsquo;une mission d&rsquo;int\u00e9r\u00eat public ou relevant de l&rsquo;exercice de l&rsquo;autorit\u00e9 publique dont est investi le responsable du traitement ;<\/li>\n\n\n\n<li>Le traitement est n\u00e9cessaire aux fins des int\u00e9r\u00eats l\u00e9gitimes poursuivis par le responsable du traitement ou par un tiers, \u00e0 moins que ne pr\u00e9valent les int\u00e9r\u00eats ou les libert\u00e9s et droits fondamentaux de la personne concern\u00e9e qui exigent une protection des donn\u00e9es \u00e0 caract\u00e8re personnel, notamment lorsque la personne concern\u00e9e est un enfant.<\/li>\n<\/ul>\n\n\n\n<p><strong>ARTICLE 3&nbsp;: DONN\u00c9ES \u00c0 CARACT\u00c8RE PERSONNEL COLLECT\u00c9ES ET TRAIT\u00c9ES DANS LE CADRE DE LA NAVIGATION SUR LE SITE<\/strong><\/p>\n\n\n\n<p><strong>3A.<\/strong> DONN\u00c9ES COLLECT\u00c9ES ET TRAIT\u00c9ES ET MODE DE COLLECTE<\/p>\n\n\n\n<p>Les donn\u00e9es \u00e0 caract\u00e8re personnel collect\u00e9es sur le site www.signesdesetoiles.fr sont les suivantes&nbsp;: Nom &#8211; Pr\u00e9nom &#8211; Adresse \u00e9lectronique<\/p>\n\n\n\n<p>Ces donn\u00e9es sont collect\u00e9es lorsque l&rsquo;utilisateur utilise le formulaire de contact pour envoyer une demande.<\/p>\n\n\n\n<p>La collecte et le traitement des donn\u00e9es r\u00e9pondent aux demandes envoy\u00e9es par le biais du formulaire de contact.<\/p>\n\n\n\n<p>Les traitements de donn\u00e9es effectu\u00e9s sont fond\u00e9s sur le consentement de l&rsquo;utilisateur.<\/p>\n\n\n\n<p>Le responsable du traitement conservera dans ses syst\u00e8mes informatiques du site et dans des conditions raisonnables de s\u00e9curit\u00e9 l&rsquo;ensemble des donn\u00e9es collect\u00e9es pour une dur\u00e9e de&nbsp;:<\/p>\n\n\n\n<ul class=\"wp-block-list\">\n<li>Cookies d&rsquo;analyse des visites&nbsp;: 2 ans.<\/li>\n\n\n\n<li>Donn\u00e9es personnelles du visiteur&nbsp;: 2 ans.<\/li>\n<\/ul>\n\n\n\n<p><strong>3B.<\/strong> TRANSMISSION DES DONN\u00c9ES A DES TIERS<\/p>\n\n\n\n<p>Les donn\u00e9es \u00e0 caract\u00e8re personnel collect\u00e9es par le site ne sont transmises \u00e0 aucun tiers, et ne sont trait\u00e9es que par l&rsquo;\u00e9diteur du site.<\/p>\n\n\n\n<p><strong>3C.<\/strong> H\u00c9BERGEMENT DES DONN\u00c9ES<\/p>\n\n\n\n<p>Le site www.signesdesetoiles.fr est h\u00e9berg\u00e9 par&nbsp;OVH Cloud.<\/p>\n\n\n\n<p><strong>ARTICLE 4&nbsp;: RESPONSABLE DU TRAITEMENT DES DONN\u00c9ES<\/strong><\/p>\n\n\n\n<p><strong>4A.<\/strong> LE RESPONSABLE DU TRAITEMENT DES DONN\u00c9ES<\/p>\n\n\n\n<p>Le responsable du traitement des donn\u00e9es \u00e0 caract\u00e8re personnel est\u00a0: Karine VALOUR &#8211; EI. <br>Il peut \u00eatre contact\u00e9 de la mani\u00e8re suivante\u00a0: \u00a007.43.53.68.86 &#8211; karine.signesdesetoiles@gmail.com<\/p>\n\n\n\n<p><strong>4B.<\/strong> OBLIGATIONS DU RESPONSABLE DU TRAITEMENT DES DONN\u00c9ES<\/p>\n\n\n\n<p>Le responsable du traitement s&rsquo;engage \u00e0 prot\u00e9ger les donn\u00e9es \u00e0 caract\u00e8re personnel collect\u00e9es, \u00e0 ne pas les transmettre \u00e0 des tiers sans que l&rsquo;utilisateur n&rsquo;en ait \u00e9t\u00e9 inform\u00e9 et \u00e0 respecter les finalit\u00e9s pour lesquelles ces donn\u00e9es ont \u00e9t\u00e9 collect\u00e9es.<\/p>\n\n\n\n<p>Le site dispose d&rsquo;un certificat SSL (\u00ab\u00a0Secure Socket Layer\u00a0\u00bb) afin de garantir que les informations et le transfert des donn\u00e9es transitant par le site sont s\u00e9curis\u00e9s.<\/p>\n\n\n\n<p>Le responsable du traitement des donn\u00e9es s&rsquo;engage \u00e0 notifier l&rsquo;utilisateur en cas de rectification ou de suppression des donn\u00e9es, \u00e0 moins que cela n&rsquo;entra\u00eene pour lui des formalit\u00e9s, co\u00fbts et d\u00e9marches disproportionn\u00e9s.<\/p>\n\n\n\n<p>Dans le cas o\u00f9 l&rsquo;int\u00e9grit\u00e9, la confidentialit\u00e9 ou la s\u00e9curit\u00e9 des donn\u00e9es \u00e0 caract\u00e8re personnel de l&rsquo;utilisateur est compromise, le responsable du traitement s&rsquo;engage \u00e0 informer l&rsquo;utilisateur par tout moyen.<\/p>\n\n\n\n<p><strong>ARTICLE 5&nbsp;: DROITS DE L&rsquo;UTILISATEUR<\/strong><\/p>\n\n\n\n<p>Conform\u00e9ment \u00e0 la r\u00e9glementation concernant le traitement des donn\u00e9es \u00e0 caract\u00e8re personnel, l&rsquo;utilisateur poss\u00e8de les droits ci-apr\u00e8s \u00e9num\u00e9r\u00e9s. Le responsable du traitement des donn\u00e9es est tenu de r\u00e9pondre \u00e0 l&rsquo;utilisateur dans un d\u00e9lai de 30 (trente) jours maximum.<\/p>\n\n\n\n<p><strong>5A.<\/strong> PR\u00c9SENTATION DES DROITS DE L&rsquo;UTILISATEUR EN MATI\u00c8RE DE COLLECTE ET TRAITEMENT DE DONN\u00c9ES<\/p>\n\n\n\n<p>Droit d&rsquo;acc\u00e8s, de rectification et droit \u00e0 l&rsquo;effacement<\/p>\n\n\n\n<p>L&rsquo;utilisateur peut prendre connaissance, mettre \u00e0 jour, modifier ou demander la suppression des donn\u00e9es le concernant en en r\u00e9alisant la demande par courriel au responsable du traitement des donn\u00e9es personnelles.<\/p>\n\n\n\n<p>Droit \u00e0 la portabilit\u00e9 des donn\u00e9es<\/p>\n\n\n\n<p>L&rsquo;utilisateur a le droit de demander la portabilit\u00e9 de ses donn\u00e9es personnelles, d\u00e9tenues par le site, vers un autre site, en en r\u00e9alisant la demande par courriel au responsable du traitement des donn\u00e9es personnelles.<\/p>\n\n\n\n<p>Droit \u00e0 la limitation et \u00e0 l&rsquo;opposition du traitement des donn\u00e9es<\/p>\n\n\n\n<p>L&rsquo;utilisateur a le droit de demander la limitation ou de s&rsquo;opposer au traitement de ses donn\u00e9es par le site, sans que le site ne puisse refuser, sauf \u00e0 d\u00e9montrer l&rsquo;existence de motifs l\u00e9gitimes et imp\u00e9rieux, pouvant pr\u00e9valoir sur les int\u00e9r\u00eats et les droits et libert\u00e9s de l&rsquo;utilisateur. Afin de demander la limitation du traitement de ses donn\u00e9es ou de formuler une opposition au traitement de ses donn\u00e9es, l&rsquo;utilisateur doit en r\u00e9aliser la demande par courriel au responsable du traitement des donn\u00e9es personnelles.<\/p>\n\n\n\n<p>Droit de saisir l&rsquo;autorit\u00e9 de contr\u00f4le comp\u00e9tente<\/p>\n\n\n\n<p>Dans le cas o\u00f9 le responsable du traitement des donn\u00e9es d\u00e9cide de ne pas r\u00e9pondre \u00e0 la demande de l&rsquo;utilisateur, et que l&rsquo;utilisateur souhaite contester cette d\u00e9cision, ou, s&rsquo;il pense qu&rsquo;il est port\u00e9 atteinte \u00e0 l&rsquo;un des droits \u00e9num\u00e9r\u00e9s ci-dessus, il est en droit de saisir la CNIL (Commission Nationale de l&rsquo;Informatique et des Libert\u00e9s, https:\/\/www.cnil.fr) ou tout juge comp\u00e9tent.<\/p>\n\n\n\n<p><strong>5B.<\/strong> DONN\u00c9ES PERSONNELLES DES PERSONNES MINEURES<\/p>\n\n\n\n<p>Conform\u00e9ment aux dispositions de l&rsquo;article 8 du r\u00e8glement europ\u00e9en 2016\/679 et \u00e0 la loi Informatique et Libert\u00e9s, seuls les mineurs \u00e2g\u00e9s de 15 ans ou plus peuvent consentir au traitement de leurs donn\u00e9es personnelles.<\/p>\n\n\n\n<p>Si l&rsquo;utilisateur est un mineur de moins de 15 ans, l&rsquo;accord d&rsquo;un repr\u00e9sentant l\u00e9gal sera requis afin que des donn\u00e9es \u00e0 caract\u00e8re personnel puissent \u00eatre collect\u00e9es et trait\u00e9es.<\/p>\n\n\n\n<p>L&rsquo;\u00e9diteur du site se r\u00e9serve le droit de v\u00e9rifier par tout moyen que l&rsquo;utilisateur est \u00e2g\u00e9 de plus de 15 ans, ou qu&rsquo;il aura obtenu l&rsquo;accord d&rsquo;un repr\u00e9sentant l\u00e9gal avant de naviguer sur le site.<\/p>\n\n\n\n<p><strong>ARTICLE 6&nbsp;: UTILISATION DES FICHIERS \u00ab\u00a0COOKIES\u00a0\u00bb<\/strong><\/p>\n\n\n\n<p>Un \u00ab\u00a0cookie\u00a0\u00bb est un fichier de petite taille stock\u00e9 par le site sur le disque dur de l&rsquo;utilisateur, contenant des informations relatives aux habitudes de navigation de l&rsquo;utilisateur.<\/p>\n\n\n\n<p>Les cookies permettent de traiter des statistiques et des informations sur le trafic, de faciliter la navigation et d&rsquo;am\u00e9liorer le service pour le confort de l&rsquo;utilisateur.<\/p>\n\n\n\n<p>Pour l&rsquo;utilisation de fichiers \u00ab\u00a0cookies\u00a0\u00bb impliquant la sauvegarde et l&rsquo;analyse de donn\u00e9es \u00e0 caract\u00e8re personnel, le consentement de l&rsquo;utilisateur est n\u00e9cessairement demand\u00e9.<\/p>\n\n\n\n<p>Ce consentement de l&rsquo;utilisateur est consid\u00e9r\u00e9 comme valide pour une dur\u00e9e de 6 (six) mois maximum. A l&rsquo;issue de cette p\u00e9riode, le site demandera \u00e0 nouveau l&rsquo;autorisation de l&rsquo;utilisateur pour enregistrer des fichiers \u00ab\u00a0cookies\u00a0\u00bb sur son disque dur.<\/p>\n\n\n\n<p><strong>6A.<\/strong> Opposition \u00e0 l&rsquo;utilisation de fichiers \u00ab\u00a0cookies\u00a0\u00bb par le site<\/p>\n\n\n\n<p>Les cookies non essentiels au fonctionnement du site ne sont d\u00e9pos\u00e9s sur le terminal de l&rsquo;utilisateur qu&rsquo;apr\u00e8s avoir obtenu son consentement. L&rsquo;utilisateur peut retirer son consentement \u00e0 tout moment, de la mani\u00e8re suivante&nbsp;:<\/p>\n\n\n\n<ul class=\"wp-block-list\">\n<li>En utilisant la banni\u00e8re des cookies lors de la 1\u00e8re visite sur le site de l&rsquo;\u00e9diteur&nbsp;;<\/li>\n\n\n\n<li>En configurant son logiciel de navigation.<\/li>\n<\/ul>\n\n\n\n<p>Dans le cas o\u00f9 l&rsquo;utilisateur d\u00e9cide de d\u00e9sactiver les fichiers \u00ab\u00a0cookies\u00a0\u00bb, il pourra poursuivre sa navigation sur le site. Toutefois, tout dysfonctionnement du site provoqu\u00e9 par cette manipulation ne pourrait \u00eatre consid\u00e9r\u00e9 comme \u00e9tant du fait de l&rsquo;\u00e9diteur du site.<\/p>\n\n\n\n<p><strong>6B.<\/strong> Description des fichiers \u00ab\u00a0cookies\u00a0\u00bb utilis\u00e9s par le site<\/p>\n\n\n\n<p>L&rsquo;\u00e9diteur du site attire l&rsquo;attention de l&rsquo;utilisateur sur le fait que des cookies sont utilis\u00e9s lors de sa navigation sur le site. Si l\u2019utilisateur souhaite connaitre le d\u00e9tail des cookies susceptibles d\u2019\u00eatre utilis\u00e9s, il peut adresser une demande \u00e0 l\u2019\u00e9diteur du site : karine.signesdesetoiles@gmail.com<\/p>\n\n\n\n<p>De plus, le site int\u00e8gre des boutons de r\u00e9seaux sociaux, permettant \u00e0 l&rsquo;utilisateur de partager son activit\u00e9 sur le site. Des fichiers \u00ab\u00a0cookies\u00a0\u00bb de ces r\u00e9seaux sociaux sont par cons\u00e9quent susceptibles d&rsquo;\u00eatre stock\u00e9s sur l&rsquo;ordinateur de l&rsquo;utilisateur lorsqu&rsquo;il utilise ces fonctionnalit\u00e9s.<\/p>\n\n\n\n<p>L&rsquo;attention de l&rsquo;utilisateur est port\u00e9e sur le fait que ces sites disposent de politiques de confidentialit\u00e9 propres et de conditions g\u00e9n\u00e9rales d&rsquo;utilisation possiblement diff\u00e9rentes du site. L&rsquo;\u00e9diteur du site invite les utilisateurs \u00e0 consulter les politiques de confidentialit\u00e9 et les conditions g\u00e9n\u00e9rales d&rsquo;utilisation de ces sites.<\/p>\n\n\n\n<p><strong>ARTICLE 7&nbsp;: CONDITIONS DE MODIFICATION DE LA POLITIQUE DE CONFIDENTIALIT\u00c9<\/strong><\/p>\n\n\n\n<p>La pr\u00e9sente politique de confidentialit\u00e9 peut \u00eatre consult\u00e9e \u00e0 tout moment sur cette <a href=\"https:\/\/signesdesetoiles.fr\/?page_id=106\">page<\/a>.<\/p>\n\n\n\n<p>L&rsquo;\u00e9diteur du site se r\u00e9serve le droit de la modifier afin de l\u2019adapter \u00e0 la r\u00e9glementation en vigueur. La derni\u00e8re mise \u00e0 jour de la pr\u00e9sente politique de confidentialit\u00e9 est intervenue le&nbsp;: mars 2024.<\/p>\n\n\n\n<p><strong>ARTICLE 8&nbsp;: ACCEPTATION PAR L&rsquo;UTILISATEUR DE LA POLITIQUE DE CONFIDENTIALIT\u00c9<\/strong><\/p>\n\n\n\n<p>En naviguant sur le site, l&rsquo;utilisateur atteste avoir lu et compris la pr\u00e9sente politique de confidentialit\u00e9 et en accepte les conditions, en ce qui concerne plus particuli\u00e8rement la collecte et le traitement de ses donn\u00e9es \u00e0 caract\u00e8re personnel, ainsi que l&rsquo;utilisation de fichiers \u00ab\u00a0cookies\u00a0\u00bb.<\/p>\n","protected":false},"excerpt":{"rendered":"<p>ARTICLE 1&nbsp;: INTRODUCTION Cette politique de confidentialit\u00e9 s&rsquo;applique au site&nbsp;www.signesdesetoiles.fr La politique de confidentialit\u00e9 est un \u00e9l\u00e9ment essentiel de notre engagement envers nos utilisateurs. Nous sommes pleinement conscients de l\u2019importance de la protection de vos donn\u00e9es personnelles et nous nous engageons \u00e0 les traiter de mani\u00e8re responsable et s\u00e9curis\u00e9e. La pr\u00e9sente politique de confidentialit\u00e9 a [&hellip;]<\/p>\n","protected":false},"author":1,"featured_media":0,"parent":0,"menu_order":0,"comment_status":"closed","ping_status":"closed","template":"","meta":{"footnotes":""},"class_list":["post-106","page","type-page","status-publish","hentry"],"aioseo_notices":[],"_links":{"self":[{"href":"https:\/\/signesdesetoiles.fr\/index.php\/wp-json\/wp\/v2\/pages\/106","targetHints":{"allow":["GET"]}}],"collection":[{"href":"https:\/\/signesdesetoiles.fr\/index.php\/wp-json\/wp\/v2\/pages"}],"about":[{"href":"https:\/\/signesdesetoiles.fr\/index.php\/wp-json\/wp\/v2\/types\/page"}],"author":[{"embeddable":true,"href":"https:\/\/signesdesetoiles.fr\/index.php\/wp-json\/wp\/v2\/users\/1"}],"replies":[{"embeddable":true,"href":"https:\/\/signesdesetoiles.fr\/index.php\/wp-json\/wp\/v2\/comments?post=106"}],"version-history":[{"count":5,"href":"https:\/\/signesdesetoiles.fr\/index.php\/wp-json\/wp\/v2\/pages\/106\/revisions"}],"predecessor-version":[{"id":363,"href":"https:\/\/signesdesetoiles.fr\/index.php\/wp-json\/wp\/v2\/pages\/106\/revisions\/363"}],"wp:attachment":[{"href":"https:\/\/signesdesetoiles.fr\/index.php\/wp-json\/wp\/v2\/media?parent=106"}],"curies":[{"name":"wp","href":"https:\/\/api.w.org\/{rel}","templated":true}]}}