{"id":137,"date":"2024-03-26T21:51:29","date_gmt":"2024-03-26T20:51:29","guid":{"rendered":"https:\/\/signesdesetoiles.fr\/?page_id=137"},"modified":"2025-02-06T17:27:35","modified_gmt":"2025-02-06T16:27:35","slug":"qui-suis-je","status":"publish","type":"page","link":"https:\/\/signesdesetoiles.fr\/index.php\/qui-suis-je\/","title":{"rendered":"Qui suis-je ?"},"content":{"rendered":"\n<div class=\"wp-block-group has-global-padding is-layout-constrained wp-block-group-is-layout-constrained\">\n<div class=\"wp-block-columns is-layout-flex wp-container-core-columns-is-layout-28f84493 wp-block-columns-is-layout-flex\">\n<div class=\"wp-block-column is-layout-flow wp-block-column-is-layout-flow\" style=\"flex-basis:100%\">\n<div class=\"wp-block-group has-global-padding is-layout-constrained wp-block-group-is-layout-constrained\">\n<div class=\"wp-block-group has-global-padding is-layout-constrained wp-block-group-is-layout-constrained\">\n<div class=\"wp-block-group is-vertical is-layout-flex wp-container-core-group-is-layout-fe9cc265 wp-block-group-is-layout-flex\">\n<div class=\"wp-block-columns are-vertically-aligned-top is-layout-flex wp-container-core-columns-is-layout-28f84493 wp-block-columns-is-layout-flex\">\n<div class=\"wp-block-column is-vertically-aligned-top is-layout-flow wp-block-column-is-layout-flow\">\n<p class=\"has-custom-couleur-2-color has-text-color has-link-color wp-elements-daf076acd18c1472ea6dd58827620190\">Qui suis-je ?<br>Je suis une femme lumineuse, heureuse et amoureuse (de la Vie, de l&rsquo;Autre).<br>J&#8217;embrasse la vie avec sinc\u00e9rit\u00e9, id\u00e9alisme et bienveillance.<br>Je m&rsquo;ouvre au monde avec authenticit\u00e9, tol\u00e9rance et \u00e9coute de l&rsquo;Autre.<br>L&rsquo;amour est mon phare !<\/p>\n\n\n\n<p class=\"has-custom-couleur-2-color has-text-color has-link-color wp-elements-2de874d648216a733a19da43e4bf8526\">Je navigue au gr\u00e9 des exp\u00e9riences de la vie (positives ou non), des apprentissages (faciles ou plus ardus), des rencontres (heureuses ou douloureuses), des instants v\u00e9cus, tout en gardant le cap sur mon phare lumineux qu&rsquo;est l&rsquo;Amour ! L&rsquo;amour de SOI et l&rsquo;amour de l&rsquo;AUTRE.<\/p>\n\n\n\n<p class=\"has-custom-couleur-2-color has-text-color has-link-color wp-elements-b3538dce4dccd30c3ad01180ea9a2c25\">Aider, accompagner, soulager, \u00e9couter l&rsquo;humain, l&rsquo;\u00eatre qui se pr\u00e9sente \u00e0 moi dans toute sa beaut\u00e9 et ses imperfections, est mon ESSENCE-CIEL.<\/p>\n\n\n\n<p class=\"has-custom-couleur-2-color has-text-color has-link-color wp-elements-adee541a6dc6622507458861d35d724b\">Humblement, par mes actions et l&rsquo;acceptation de prendre pleinement ma place dans ce monde, j\u2019\u0153uvre pour que chaque \u00eatre puisse cheminer vers son vrai SOI, avec amour, douceur, compr\u00e9hension, acceptation et bienveillance. Le bien-\u00eatre, c&rsquo;est aussi passer par ce travail-l\u00e0 sur soi. Corps, \u00e2me, esprit et c\u0153ur vibrent alors \u00e0 l&rsquo;unisson.<\/p>\n\n\n\n<p class=\"has-custom-couleur-2-color has-text-color has-link-color wp-elements-da95ef9e0abda954f3707252f8100db1\">Telle est ma mission ici sur Terre, \u00e0 vos c\u00f4t\u00e9s.<\/p>\n\n\n\n<p class=\"has-custom-couleur-2-color has-text-color has-link-color wp-elements-e5c770d1ce1db04deb039677951e2827\">Avec toute mon affection&#8230;<br>Au plaisir de se rencontrer.<\/p>\n<\/div>\n\n\n\n<div class=\"wp-block-column is-vertically-aligned-top is-layout-flow wp-block-column-is-layout-flow\">\n<p>Comment en suis-je arriv\u00e9e l\u00e0, me direz-vous ?<br><br>Ma carri\u00e8re de fonctionnaire semblait pourtant toute trac\u00e9e, ou presque, mais l&rsquo;arriv\u00e9e de mes enfants et des questions existentielles qui vont avec, ma qu\u00eate de sens sur ma place ici-bas depuis toujours finalement (quelle est ma place ? qui suis-je vraiment ?), et puis quelques \u00e9preuves de la vie pour pimenter le tout (un burn-out il y a 6 ans, la perte d&rsquo;\u00eatres chers et un AVC \u00e0 40 ans) m&rsquo;ont fait prendre conscience que mon essentiel \u00e9tait ailleurs que dans cette vie programm\u00e9e.<br>Progressivement, j&rsquo;ai vu la vie autrement, je me suis recentr\u00e9e sur ce qui faisait sens pour moi, qui faisait vibrer mon \u00e2me. Je me suis ouverte aux champs des possibles et c&rsquo;est ainsi que les massages bien-\u00eatre et l&rsquo;\u00e9nerg\u00e9tique, dans son ensemble, ont \u00e9t\u00e9 des r\u00e9ponses \u00e9videntes et naturelles pour moi, comme si j&rsquo;\u00e9tais chez moi, que j&rsquo;avais trouv\u00e9 ma juste place.<br>En bonne vierge organis\u00e9e et soucieuse du travail bien fait, je me suis form\u00e9e en tant que praticienne massages bien-\u00eatre pendant 2 ans dans une \u00e9cole nationale reconnue par la FFMBE (F\u00e9d\u00e9ration Fran\u00e7aise Massages Bien-\u00catre) pour asseoir ma pratique et apprendre une dizaine de massages. Parall\u00e8lement, je me suis form\u00e9e en tant que th\u00e9rapeute \u00e9nerg\u00e9tique par le magn\u00e9tisme, puis dans d&rsquo;autres techniques holistiques. Mon cheminement personnel, mes formations, mes exp\u00e9riences de la vie m&rsquo;ont \u00e9t\u00e9 profitables, en premier lieu. J&rsquo;ai en effet pu comprendre, mettre du sens, de la conscience sur bien des fonctionnements chez moi, sur mon histoire, et surtout, sur l&rsquo;importance de prendre soin de soi pour \u00eatre ensuite bien avec les autres.<br><br>Car mon objectif est bien l\u00e0 ! Mettre toutes mes comp\u00e9tences acquises ou inn\u00e9es, mes savoirs-faire, mes qualit\u00e9s humaines et ma sinc\u00e9rit\u00e9 de c\u0153ur \u00e0 votre service. Que vous soyez en recherche d&rsquo;un mieux-\u00eatre physique, psychologique, \u00e9motionnel ou \u00e9nerg\u00e9tique, ma d\u00e9marche d&rsquo;accompagnement tient compte de la personne dans sa globalit\u00e9 pour un r\u00e9sultat complet et harmonieux.<br>Comme je le dis souvent \u00ab\u00a0chaque personne est unique\u00a0\u00bb alors ma rencontre avec vous le sera aussi et mes prestations seront personnalis\u00e9es pour r\u00e9pondre au mieux \u00e0 vos attentes et \u00e0 vos besoins.<\/p>\n<\/div>\n<\/div>\n<\/div>\n<\/div>\n<\/div>\n<\/div>\n<\/div>\n<\/div>\n\n\n\n<div class=\"wp-block-group has-global-padding is-layout-constrained wp-block-group-is-layout-constrained\">\n<div class=\"wp-block-columns is-layout-flex wp-container-core-columns-is-layout-28f84493 wp-block-columns-is-layout-flex\">\n<div class=\"wp-block-column is-layout-flow wp-block-column-is-layout-flow\" style=\"flex-basis:100%\"><\/div>\n<\/div>\n<\/div>\n","protected":false},"excerpt":{"rendered":"<p>Qui suis-je ?Je suis une femme lumineuse, heureuse et amoureuse (de la Vie, de l&rsquo;Autre).J&#8217;embrasse la vie avec sinc\u00e9rit\u00e9, id\u00e9alisme et bienveillance.Je m&rsquo;ouvre au monde avec authenticit\u00e9, tol\u00e9rance et \u00e9coute de l&rsquo;Autre.L&rsquo;amour est mon phare ! Je navigue au gr\u00e9 des exp\u00e9riences de la vie (positives ou non), des apprentissages (faciles ou plus ardus), des [&hellip;]<\/p>\n","protected":false},"author":1,"featured_media":0,"parent":0,"menu_order":0,"comment_status":"closed","ping_status":"closed","template":"","meta":{"footnotes":""},"class_list":["post-137","page","type-page","status-publish","hentry"],"aioseo_notices":[],"_links":{"self":[{"href":"https:\/\/signesdesetoiles.fr\/index.php\/wp-json\/wp\/v2\/pages\/137","targetHints":{"allow":["GET"]}}],"collection":[{"href":"https:\/\/signesdesetoiles.fr\/index.php\/wp-json\/wp\/v2\/pages"}],"about":[{"href":"https:\/\/signesdesetoiles.fr\/index.php\/wp-json\/wp\/v2\/types\/page"}],"author":[{"embeddable":true,"href":"https:\/\/signesdesetoiles.fr\/index.php\/wp-json\/wp\/v2\/users\/1"}],"replies":[{"embeddable":true,"href":"https:\/\/signesdesetoiles.fr\/index.php\/wp-json\/wp\/v2\/comments?post=137"}],"version-history":[{"count":10,"href":"https:\/\/signesdesetoiles.fr\/index.php\/wp-json\/wp\/v2\/pages\/137\/revisions"}],"predecessor-version":[{"id":296,"href":"https:\/\/signesdesetoiles.fr\/index.php\/wp-json\/wp\/v2\/pages\/137\/revisions\/296"}],"wp:attachment":[{"href":"https:\/\/signesdesetoiles.fr\/index.php\/wp-json\/wp\/v2\/media?parent=137"}],"curies":[{"name":"wp","href":"https:\/\/api.w.org\/{rel}","templated":true}]}}