{"id":155,"date":"2024-03-26T21:50:52","date_gmt":"2024-03-26T20:50:52","guid":{"rendered":"https:\/\/signesdesetoiles.fr\/?page_id=155"},"modified":"2025-10-10T17:36:09","modified_gmt":"2025-10-10T15:36:09","slug":"accompagnements-personnalises-soins-holistiques","status":"publish","type":"page","link":"https:\/\/signesdesetoiles.fr\/index.php\/accompagnements-personnalises-soins-holistiques\/","title":{"rendered":"\u00c9nerg\u00e9tique \/ Guidances"},"content":{"rendered":"\n<div class=\"wp-block-columns is-layout-flex wp-container-core-columns-is-layout-28f84493 wp-block-columns-is-layout-flex\">\n<div class=\"wp-block-column is-layout-flow wp-block-column-is-layout-flow\" style=\"flex-basis:100%\">\n<div class=\"wp-block-group is-nowrap is-layout-flex wp-container-core-group-is-layout-6c531013 wp-block-group-is-layout-flex\">\n<div class=\"wp-block-columns is-layout-flex wp-container-core-columns-is-layout-28f84493 wp-block-columns-is-layout-flex\">\n<div class=\"wp-block-column is-layout-flow wp-block-column-is-layout-flow\" style=\"flex-basis:100%\">\n<p><mark style=\"background-color:rgba(0, 0, 0, 0)\" class=\"has-inline-color has-custom-couleur-2-color\"><strong>PR\u00c9AMBULE<\/strong><\/mark><br><br>Pour moi, ces capacit\u00e9s, ces facult\u00e9s, ces dons &#8211; peu importe comment vous les nommer &#8211; sont pr\u00e9sents en moi afin de pouvoir les offrir au monde, \u00e0 tous ceux qui en ont besoin. Que ce soit une \u00e9preuve de vie \u00e0 traverser, une recherche de sens, une difficult\u00e9 passag\u00e8re (physique, mentale, \u00e9motionnelle), un besoin de r\u00e9\u00e9quilibrage \u00e9nerg\u00e9tique <em>(tout comme on va chez l&rsquo;ost\u00e9o ou le dentiste pour pr\u00e9server sa sant\u00e9 physique)<\/em>&#8230; bref, quelque soit la raison de votre venue, je souhaite :<br>&gt;&gt; vous proposer mon aide, mon accompagnement, <br>&gt;&gt; vous partager les informations, les soins qui me sont transmis par les \u00eatres de lumi\u00e8re, <br>&gt;&gt; vous offrir un temps de partage, d&rsquo;\u00e9coute, de r\u00e9confort, une bulle s\u00e9curis\u00e9e.<\/p>\n\n\n\n<p><\/p>\n\n\n\n<figure class=\"wp-block-image size-full is-resized\"><img loading=\"lazy\" decoding=\"async\" width=\"640\" height=\"360\" src=\"http:\/\/signesdesetoiles.fr\/wp-content\/uploads\/2024\/03\/yin-and-yang-1947878_640.webp\" alt=\"\" class=\"wp-image-161\" style=\"aspect-ratio:1.3333333333333333;object-fit:cover;width:316px;height:auto\" srcset=\"https:\/\/signesdesetoiles.fr\/wp-content\/uploads\/2024\/03\/yin-and-yang-1947878_640.webp 640w, https:\/\/signesdesetoiles.fr\/wp-content\/uploads\/2024\/03\/yin-and-yang-1947878_640-300x169.webp 300w\" sizes=\"auto, (max-width: 640px) 100vw, 640px\" \/><\/figure>\n\n\n\n<p><strong><mark style=\"background-color:rgba(0, 0, 0, 0)\" class=\"has-inline-color has-custom-couleur-2-color\">SOIN ENERGETIQUE<\/mark><\/strong><br><br>Douleurs physiques, stress, mal-\u00eatre global, sensation d&rsquo;\u00eatre \u00ab\u00a0\u00e0 c\u00f4t\u00e9 de ses pompes\u00a0\u00bb, fatigue, sommeil perturb\u00e9&#8230; autant de sympt\u00f4mes que le magn\u00e9tisme peut venir r\u00e9soudre gr\u00e2ce \u00e0 un r\u00e9\u00e9quilibrage complet du corps et \u00e0 un boost \u00e9nerg\u00e9tique. <br>(Ne remplace aucunement un suivi ou une prescription m\u00e9dicale).<br><br>En pr\u00e9sentiel ou \u00e0 distance (dur\u00e9e 1h)<br><br><em>S\u00e9ance adulte <\/em>&#8211; 60\u20ac<br><em>S\u00e9ance enfant\/ado<\/em> &#8211; 50\u20ac<\/p>\n\n\n\n<div class=\"wp-block-buttons is-content-justification-left is-layout-flex wp-container-core-buttons-is-layout-fc4fd283 wp-block-buttons-is-layout-flex\">\n<div class=\"wp-block-button\"><a class=\"wp-block-button__link wp-element-button\" href=\"https:\/\/www.resalib.fr\/praticien\/113778-karine-valour-signes-des-etoiles-praticien-en-massage-bien-etre-la-roque-sur-ceze#newrdvmodal\">Prendre RDV<\/a><\/div>\n<\/div>\n\n\n\n<p><\/p>\n\n\n\n<figure class=\"wp-block-image size-full is-resized\"><img loading=\"lazy\" decoding=\"async\" width=\"640\" height=\"301\" src=\"http:\/\/signesdesetoiles.fr\/wp-content\/uploads\/2024\/03\/hands-4580814_640.webp\" alt=\"\" class=\"wp-image-157\" style=\"aspect-ratio:1.3333333333333333;object-fit:cover;width:317px;height:auto\" srcset=\"https:\/\/signesdesetoiles.fr\/wp-content\/uploads\/2024\/03\/hands-4580814_640.webp 640w, https:\/\/signesdesetoiles.fr\/wp-content\/uploads\/2024\/03\/hands-4580814_640-300x141.webp 300w\" sizes=\"auto, (max-width: 640px) 100vw, 640px\" \/><\/figure>\n\n\n\n<p class=\"has-contrast-color has-text-color has-link-color wp-elements-6aa95e75dce4140c6a3a929f06a87a5f\"><strong><mark style=\"background-color:rgba(0, 0, 0, 0)\" class=\"has-inline-color has-custom-couleur-2-color\">SOIN DE GU\u00c9RISON<\/mark><\/strong><br><br>Depuis plus de 10 ans \u00e0 pr\u00e9sent, la Vie m&rsquo;a ramen\u00e9 vers mon essence-ciel. Progressivement, j&rsquo;ai r\u00e9int\u00e9gr\u00e9 dans mon quotidien la connexion avec cette \u00e9nergie qui m\u2019accompagne d\u00e9sormais sous diff\u00e9rentes formes. Elle m\u2019a permise de comprendre bien des choses, des \u00e9v\u00e9nements, des douleurs, des sensations parfois incompr\u00e9hensibles ou inconscientes. Elle a \u00e9t\u00e9, et est encore, mon compagnon de cheminement pour un retour vers soi, pleinement et simplement. <br><br>A mon tour, je souhaite vous aider \u00e0 mettre en lumi\u00e8re ces parts d\u2019ombre qui vous emp\u00eachent d\u2019avancer, d\u2019\u00eatre bien, d&rsquo;\u00eatre heureux, de profiter de la vie. <br>Le soin de gu\u00e9rison vient d\u00e9verrouiller, lib\u00e9rer, r\u00e9\u00e9quilibrer, gu\u00e9rir ce qui est pr\u00eat \u00e0 l&rsquo;\u00eatre, en profondeur, pour entamer une nouvelle marche sur le chemin de votre vie.<br>Gr\u00e2ce aux diff\u00e9rents outils \u00e0 ma disposition et mon canal entre Ciel et Terre, je vous accompagne dans votre cheminement personnel et\/ou spirituel \u00e0 partir d&rsquo;un besoin, d&rsquo;un blocage, d&rsquo;un inconfort ou d&rsquo;une probl\u00e9matique rencontr\u00e9s dans votre vie.<br><br>En pr\u00e9sentiel ou \u00e0 distance (visio).<br><br><em>S\u00e9ance d&rsquo;1h30\/2h (temps d&rsquo;\u00e9changes + soin de gu\u00e9rison) <\/em>&#8211; 80\u20ac<\/p>\n\n\n\n<div class=\"wp-block-buttons is-content-justification-left is-layout-flex wp-container-core-buttons-is-layout-fc4fd283 wp-block-buttons-is-layout-flex\">\n<div class=\"wp-block-button\"><a class=\"wp-block-button__link wp-element-button\" href=\"https:\/\/www.resalib.fr\/praticien\/113778-karine-valour-signes-des-etoiles-praticien-en-massage-bien-etre-la-roque-sur-ceze#newrdvmodal\">Prendre RDV<\/a><\/div>\n<\/div>\n<\/div>\n<\/div>\n<\/div>\n<\/div>\n<\/div>\n\n\n\n<p><\/p>\n\n\n\n<div class=\"wp-block-columns is-layout-flex wp-container-core-columns-is-layout-28f84493 wp-block-columns-is-layout-flex\">\n<div class=\"wp-block-column is-layout-flow wp-block-column-is-layout-flow\">\n<div class=\"wp-block-columns is-layout-flex wp-container-core-columns-is-layout-28f84493 wp-block-columns-is-layout-flex\">\n<div class=\"wp-block-column is-layout-flow wp-block-column-is-layout-flow\" style=\"flex-basis:100%\">\n<figure class=\"wp-block-image size-full is-resized\"><img loading=\"lazy\" decoding=\"async\" width=\"518\" height=\"857\" src=\"http:\/\/signesdesetoiles.fr\/wp-content\/uploads\/2024\/03\/oracle.png\" alt=\"\" class=\"wp-image-167\" style=\"aspect-ratio:0.75;object-fit:cover;width:180px;height:auto\" srcset=\"https:\/\/signesdesetoiles.fr\/wp-content\/uploads\/2024\/03\/oracle.png 518w, https:\/\/signesdesetoiles.fr\/wp-content\/uploads\/2024\/03\/oracle-181x300.png 181w\" sizes=\"auto, (max-width: 518px) 100vw, 518px\" \/><\/figure>\n<\/div>\n<\/div>\n<\/div>\n\n\n\n<div class=\"wp-block-column is-layout-flow wp-block-column-is-layout-flow\">\n<figure class=\"wp-block-image size-full is-resized\"><img loading=\"lazy\" decoding=\"async\" width=\"515\" height=\"865\" src=\"https:\/\/signesdesetoiles.fr\/wp-content\/uploads\/2024\/03\/pendule.jpg\" alt=\"\" class=\"wp-image-169\" style=\"aspect-ratio:0.75;object-fit:cover;width:180px;height:auto\" srcset=\"https:\/\/signesdesetoiles.fr\/wp-content\/uploads\/2024\/03\/pendule.jpg 515w, https:\/\/signesdesetoiles.fr\/wp-content\/uploads\/2024\/03\/pendule-179x300.jpg 179w\" sizes=\"auto, (max-width: 515px) 100vw, 515px\" \/><\/figure>\n<\/div>\n<\/div>\n\n\n\n<p><\/p>\n\n\n\n<p><strong><mark style=\"background-color:rgba(0, 0, 0, 0)\" class=\"has-inline-color has-custom-couleur-2-color\">GUIDANCES<\/mark><\/strong><br><br>Face \u00e0 une situation, un choix, un \u00e9v\u00e9nement de notre vie, on peut parfois se retrouver dans le brouillard total quant \u00e0 la d\u00e9cision \u00e0 prendre. <br>La guidance a pour but de vous aider \u00e0 y voir plus clair tout en gardant votre discernement et votre libre-arbitre. Elle permet \u00e9galement de vous redonner confiance en cette petite voix int\u00e9rieure qu&rsquo;est votre intuition.<\/p>\n\n\n\n<p>Uniquement \u00e0 distance (retour par mail).<\/p>\n\n\n\n<p><em>30 min  <\/em>&#8211;<em> <\/em>35\u20ac<em><br>1 heure  <\/em>&#8211; 50\u20ac<br>(Domaine personnel, sentimental, professionnel &#8211; aucune guidance ne sera faite dans le domaine m\u00e9dical)<br><\/p>\n\n\n\n<figure class=\"wp-block-image size-full is-resized\"><img loading=\"lazy\" decoding=\"async\" width=\"640\" height=\"420\" src=\"http:\/\/signesdesetoiles.fr\/wp-content\/uploads\/2024\/03\/shutters-669296_640.jpg\" alt=\"\" class=\"wp-image-172\" style=\"width:322px;height:auto\" srcset=\"https:\/\/signesdesetoiles.fr\/wp-content\/uploads\/2024\/03\/shutters-669296_640.jpg 640w, https:\/\/signesdesetoiles.fr\/wp-content\/uploads\/2024\/03\/shutters-669296_640-300x197.jpg 300w\" sizes=\"auto, (max-width: 640px) 100vw, 640px\" \/><\/figure>\n\n\n\n<p><strong><mark style=\"background-color:rgba(0, 0, 0, 0)\" class=\"has-inline-color has-custom-couleur-4-color\">NETTOYAGE ET RE-HARMONISATION D&rsquo;UN LIEU DE VIE<\/mark><\/strong><br><br>Sentiment de malaise, d&rsquo;\u00eatre d\u00e9rang\u00e9, \u00e9nergie lourde, sommeil perturb\u00e9, \u00e9motions vives (\u00e9nervement, col\u00e8re, tristesse, &#8230;) ou encore sensation d&rsquo;\u00eatre \u00ab\u00a0\u00e0 c\u00f4t\u00e9 de la plaque\u00a0\u00bb&#8230; sont autant de ressentis qu&rsquo;il est possible d&rsquo;avoir dans un lieu perturb\u00e9 \u00e9nerg\u00e9tiquement.<br>Le nettoyage et la r\u00e9-harmonisation du lieu permet de retrouver \u00e9quilibre, \u00e9nergie positive, joie et bonheur de vivre dans votre espace.<br><br>Uniquement \u00e0 distance (retour audio ou par mail selon votre souhait).<br><br><em>Dur\u00e9e ind\u00e9termin\u00e9e (minimum 2 heures)  <\/em>&#8211; 140\u20ac<\/p>\n\n\n\n<p><\/p>\n\n\n\n<p><em>Tous les soins propos\u00e9s sont non-th\u00e9rapeutiques, non m\u00e9dicaux et non sexuels.<\/em><\/p>\n","protected":false},"excerpt":{"rendered":"<p>PR\u00c9AMBULE Pour moi, ces capacit\u00e9s, ces facult\u00e9s, ces dons &#8211; peu importe comment vous les nommer &#8211; sont pr\u00e9sents en moi afin de pouvoir les offrir au monde, \u00e0 tous ceux qui en ont besoin. Que ce soit une \u00e9preuve de vie \u00e0 traverser, une recherche de sens, une difficult\u00e9 passag\u00e8re (physique, mentale, \u00e9motionnelle), un [&hellip;]<\/p>\n","protected":false},"author":1,"featured_media":0,"parent":0,"menu_order":0,"comment_status":"closed","ping_status":"closed","template":"","meta":{"footnotes":""},"class_list":["post-155","page","type-page","status-publish","hentry"],"aioseo_notices":[],"_links":{"self":[{"href":"https:\/\/signesdesetoiles.fr\/index.php\/wp-json\/wp\/v2\/pages\/155","targetHints":{"allow":["GET"]}}],"collection":[{"href":"https:\/\/signesdesetoiles.fr\/index.php\/wp-json\/wp\/v2\/pages"}],"about":[{"href":"https:\/\/signesdesetoiles.fr\/index.php\/wp-json\/wp\/v2\/types\/page"}],"author":[{"embeddable":true,"href":"https:\/\/signesdesetoiles.fr\/index.php\/wp-json\/wp\/v2\/users\/1"}],"replies":[{"embeddable":true,"href":"https:\/\/signesdesetoiles.fr\/index.php\/wp-json\/wp\/v2\/comments?post=155"}],"version-history":[{"count":35,"href":"https:\/\/signesdesetoiles.fr\/index.php\/wp-json\/wp\/v2\/pages\/155\/revisions"}],"predecessor-version":[{"id":361,"href":"https:\/\/signesdesetoiles.fr\/index.php\/wp-json\/wp\/v2\/pages\/155\/revisions\/361"}],"wp:attachment":[{"href":"https:\/\/signesdesetoiles.fr\/index.php\/wp-json\/wp\/v2\/media?parent=155"}],"curies":[{"name":"wp","href":"https:\/\/api.w.org\/{rel}","templated":true}]}}