{"id":2,"date":"2024-03-11T16:26:13","date_gmt":"2024-03-11T15:26:13","guid":{"rendered":"http:\/\/signesdesetoiles.fr\/?page_id=2"},"modified":"2025-10-30T15:25:27","modified_gmt":"2025-10-30T14:25:27","slug":"contact","status":"publish","type":"page","link":"https:\/\/signesdesetoiles.fr\/index.php\/contact\/","title":{"rendered":"Contact"},"content":{"rendered":"\n<p>Pour prendre un RDV ou pour toute demande de renseignements, vous pouvez me contacter :<\/p>\n\n\n\n<ul class=\"wp-block-list\">\n<li>Par t\u00e9l\u00e9phone au 07.43.53.68.86<\/li>\n\n\n\n<li>Par mail \u00e0 l&rsquo;adresse suivante : karine.signesdesetoiles@gmail.com<\/li>\n\n\n\n<li><a href=\"https:\/\/www.resalib.fr\/praticien\/113778-karine-valour-signes-des-etoiles-praticien-en-massage-bien-etre-la-roque-sur-ceze#newrdvmodal\">Sur mon agenda en ligne<\/a> <\/li>\n<\/ul>\n\n\n\n<p><mark style=\"background-color:rgba(0, 0, 0, 0)\" class=\"has-inline-color has-custom-couleur-2-color\"><strong>HORAIRES<\/strong><\/mark><\/p>\n\n\n\n<p>PRESTATIONS UNIQUEMENT A DISTANCE<br>Les lundis, mardis, jeudis et vendredis de 10h \u00e0 18h<br><\/p>\n\n\n\n<p><strong><em><mark style=\"background-color:rgba(0, 0, 0, 0)\" class=\"has-inline-color has-custom-couleur-2-color\">Modalit\u00e9s de r\u00e9glement<\/mark><\/em><\/strong><\/p>\n\n\n\n<p>Paiement par virement bancaire avant la s\u00e9ance pour valider votre RDV.<\/p>\n\n\n\n<p><strong><em><mark style=\"background-color:rgba(0, 0, 0, 0)\" class=\"has-inline-color has-custom-couleur-2-color\">Politique d&rsquo;annulation<\/mark><\/em><\/strong><\/p>\n\n\n\n<p>Toute annulation ou report doit \u00eatre effectu\u00e9 au moins 48 heures \u00e0 l&rsquo;avance. Pass\u00e9 ce d\u00e9lai, la s\u00e9ance r\u00e9serv\u00e9e est due dans son int\u00e9gralit\u00e9, quelque soit le motif d&rsquo;absence (sauf urgence m\u00e9dicale).<br>En cas de non-pr\u00e9sentation \u00e0 la s\u00e9ance sans annulation, cette derni\u00e8re est \u00e9galement due, et je me r\u00e9serve le droit de refuser toute nouvelle demande de r\u00e9servation.<\/p>\n\n\n\n<p><\/p>\n\n\n\n<p><strong>Consulter ma page <a href=\"https:\/\/g.co\/kgs\/ZC16Mgo\">Google my business<\/a><\/strong><\/p>\n\n\n\t<div id=\"respond\" style=\"text-transform:none;\" class=\"comment-respond wp-block-post-comments-form\">\n\t\t<h3 id=\"reply-title\" class=\"comment-reply-title\">Laisser un commentaire <small><a rel=\"nofollow\" id=\"cancel-comment-reply-link\" href=\"\/index.php\/wp-json\/wp\/v2\/pages\/2#respond\" style=\"display:none;\">Annuler la r\u00e9ponse<\/a><\/small><\/h3><form action=\"https:\/\/signesdesetoiles.fr\/wp-comments-post.php\" method=\"post\" id=\"commentform\" class=\"comment-form\"><p class=\"comment-notes\"><span id=\"email-notes\">Votre adresse e-mail ne sera pas publi\u00e9e.<\/span> <span class=\"required-field-message\">Les champs obligatoires sont indiqu\u00e9s avec <span class=\"required\">*<\/span><\/span><\/p><p class=\"comment-form-comment\"><label for=\"comment\">Commentaire <span class=\"required\">*<\/span><\/label> <textarea id=\"comment\" name=\"comment\" cols=\"45\" rows=\"8\" maxlength=\"65525\" required><\/textarea><\/p><p class=\"comment-form-author\"><label for=\"author\">Nom <span class=\"required\">*<\/span><\/label> <input id=\"author\" name=\"author\" type=\"text\" value=\"\" size=\"30\" maxlength=\"245\" autocomplete=\"name\" required \/><\/p>\n<p class=\"comment-form-email\"><label for=\"email\">E-mail <span class=\"required\">*<\/span><\/label> <input id=\"email\" name=\"email\" type=\"email\" value=\"\" size=\"30\" maxlength=\"100\" aria-describedby=\"email-notes\" autocomplete=\"email\" required \/><\/p>\n<p class=\"comment-form-url\"><label for=\"url\">Site web<\/label> <input id=\"url\" name=\"url\" type=\"url\" value=\"\" size=\"30\" maxlength=\"200\" autocomplete=\"url\" \/><\/p>\n<p class=\"comment-form-cookies-consent\"><input id=\"wp-comment-cookies-consent\" name=\"wp-comment-cookies-consent\" type=\"checkbox\" value=\"yes\" \/> <label for=\"wp-comment-cookies-consent\">Enregistrer mon nom, mon e-mail et mon site dans le navigateur pour mon prochain commentaire.<\/label><\/p>\n<p class=\"form-submit wp-block-button\"><input name=\"submit\" type=\"submit\" id=\"submit\" class=\"wp-block-button__link wp-element-button\" value=\"Laisser un commentaire\" \/> <input type='hidden' name='comment_post_ID' value='2' id='comment_post_ID' \/>\n<input type='hidden' name='comment_parent' id='comment_parent' value='0' \/>\n<\/p>\r\n\t\t\t<script>\r\n\t\t\tif ( typeof huOptions !== 'undefined' ) {\r\n\t\t\t\tvar huFormData = {\"source\":\"wordpress\",\"id\":\"wp_comment_form\",\"title\":\"Comment Form\",\"fields\":{\"subject\":{\"email\":\"email\",\"first_name\":\"author\"},\"preferences\":{\"privacy\":\"wp-comment-cookies-consent\"}}};\r\n\t\t\t\tvar huFormNode = document.querySelector( '[id=\"commentform\"]' );\r\n\r\n\t\t\t\thuFormData['node'] = huFormNode;\r\n\t\t\t\thuOptions['forms'].push( huFormData );\r\n\t\t\t}\r\n\t\t\t<\/script><\/form>\t<\/div><!-- #respond -->\n\t","protected":false},"excerpt":{"rendered":"<p>Pour prendre un RDV ou pour toute demande de renseignements, vous pouvez me contacter : HORAIRES PRESTATIONS UNIQUEMENT A DISTANCELes lundis, mardis, jeudis et vendredis de 10h \u00e0 18h Modalit\u00e9s de r\u00e9glement Paiement par virement bancaire avant la s\u00e9ance pour valider votre RDV. Politique d&rsquo;annulation Toute annulation ou report doit \u00eatre effectu\u00e9 au moins 48 [&hellip;]<\/p>\n","protected":false},"author":1,"featured_media":0,"parent":0,"menu_order":0,"comment_status":"open","ping_status":"open","template":"","meta":{"footnotes":""},"class_list":["post-2","page","type-page","status-publish","hentry"],"aioseo_notices":[],"_links":{"self":[{"href":"https:\/\/signesdesetoiles.fr\/index.php\/wp-json\/wp\/v2\/pages\/2","targetHints":{"allow":["GET"]}}],"collection":[{"href":"https:\/\/signesdesetoiles.fr\/index.php\/wp-json\/wp\/v2\/pages"}],"about":[{"href":"https:\/\/signesdesetoiles.fr\/index.php\/wp-json\/wp\/v2\/types\/page"}],"author":[{"embeddable":true,"href":"https:\/\/signesdesetoiles.fr\/index.php\/wp-json\/wp\/v2\/users\/1"}],"replies":[{"embeddable":true,"href":"https:\/\/signesdesetoiles.fr\/index.php\/wp-json\/wp\/v2\/comments?post=2"}],"version-history":[{"count":22,"href":"https:\/\/signesdesetoiles.fr\/index.php\/wp-json\/wp\/v2\/pages\/2\/revisions"}],"predecessor-version":[{"id":367,"href":"https:\/\/signesdesetoiles.fr\/index.php\/wp-json\/wp\/v2\/pages\/2\/revisions\/367"}],"wp:attachment":[{"href":"https:\/\/signesdesetoiles.fr\/index.php\/wp-json\/wp\/v2\/media?parent=2"}],"curies":[{"name":"wp","href":"https:\/\/api.w.org\/{rel}","templated":true}]}}