{"id":273,"date":"2025-02-05T11:35:20","date_gmt":"2025-02-05T10:35:20","guid":{"rendered":"https:\/\/signesdesetoiles.fr\/?page_id=273"},"modified":"2025-02-06T17:27:13","modified_gmt":"2025-02-06T16:27:13","slug":"avis-clients","status":"publish","type":"page","link":"https:\/\/signesdesetoiles.fr\/index.php\/avis-clients\/","title":{"rendered":"Avis clients"},"content":{"rendered":"\n<div class=\"wp-block-group is-vertical is-content-justification-left is-layout-flex wp-container-core-group-is-layout-dd225191 wp-block-group-is-layout-flex\">\n<div class=\"wp-block-columns is-layout-flex wp-container-core-columns-is-layout-28f84493 wp-block-columns-is-layout-flex\">\n<div class=\"wp-block-column is-layout-flow wp-block-column-is-layout-flow\" style=\"flex-basis:100%\">\n<p class=\"has-base-color has-contrast-background-color has-text-color has-background has-link-color has-system-sans-serif-font-family has-medium-font-size wp-elements-1c8939bd4f787e1c4d47bd4ffb8a8f7b\"><strong>T\u00e9moignage d&rsquo;Elina : <\/strong><br>\u00ab\u00a0Karine est une th\u00e9rapeute comme on n&rsquo;en fait plus : bienveillante, tr\u00e8s \u00e0 l&rsquo;\u00e9coute, une intelligence de c\u0153ur et d&rsquo;esprit qui nous aide \u00e0 d\u00e9m\u00ealer nos anciens sch\u00e9mas, le tout saupoudr\u00e9 d&rsquo;une dose de magie \u00e9nerg\u00e9tique et&#8230; stellaire !! Apr\u00e8s ses soins, je me sens illumin\u00e9e, r\u00e9align\u00e9e, gu\u00e9rie&#8230; Cette femme est un miracle. Merci Karine pour l&rsquo;\u00eatre que tu es.\u00a0\u00bb<\/p>\n\n\n\n<p class=\"has-text-align-left has-base-color has-contrast-background-color has-text-color has-background has-link-color has-system-sans-serif-font-family has-medium-font-size wp-elements-2fc2239469472be571c8927a09bbdda4\"><strong>T\u00e9moignage d&rsquo;Iris :<\/strong> <br>\u00ab\u00a0Des mains et une personne que je recommande a 100% !!<br>Apr\u00e8s deux massages une douleur vieille de 30 ans a disparu !!<br>Les massages de Karine sont \u00e0 chaque fois diff\u00e9rents et un moment de douceur ou on se d\u00e9pose et repose entre ses mains expertes.\u00a0\u00bb<\/p>\n\n\n\n<p class=\"has-text-align-left has-base-color has-contrast-background-color has-text-color has-background has-link-color has-system-sans-serif-font-family has-medium-font-size wp-elements-f2a374936eff11c9a3dc98523ab56c3c\"><strong>T\u00e9moignage de Mich\u00e8le :<\/strong> <br>\u00ab\u00a0Merci tellement Karine pour votre attention et votre douce \u00e9nergie. Votre pr\u00e9sence est apaisante, vos mots aussi. Votre massage est formidable. Vous allez aider les gens, j&rsquo;en suis persuad\u00e9e. Si je peux vous envoyer des ados qui ont besoin de trouver ce profond bien-\u00eatre, je n&rsquo;h\u00e9siterai pas un instant. Merci \u00e0 vous !\u00a0\u00bb<\/p>\n\n\n\n<p class=\"has-base-color has-contrast-background-color has-text-color has-background has-link-color has-system-sans-serif-font-family has-medium-font-size wp-elements-5bfd2c9955bfd0e3479aefc2edc3f1ad\"><strong>T\u00e9moignage de Nathalie : <\/strong><br>\u00ab\u00a0J&rsquo;ai pratiqu\u00e9 un soin \u00e9nerg\u00e9tique aupr\u00e8s de Karine qui fait preuve de grande \u00e9coute, bienveillance et douceur dans un univers cocooning. Tout est r\u00e9uni pour se sentir mieux et avoir le d\u00e9sir de d\u00e9couvrir les autres soins . Grand merci Karine, je confirme, tu as trouv\u00e9 ta place et ne doute de ton succ\u00e8s. A tr\u00e8s vite !!!\u00a0\u00bb<\/p>\n\n\n\n<p class=\"has-base-color has-contrast-background-color has-text-color has-background has-link-color has-system-sans-serif-font-family has-medium-font-size wp-elements-ac4b41fcd543a309f25f340ace87af9a\"><strong>T\u00e9moignage de L\u00e9onie : <\/strong><br>\u00ab\u00a0Merci pour ce soin qui a pu me redonner un maximum d\u2019\u00e9nergie. Karine est \u00e0 l\u2019\u00e9coute, elle sait s\u2019adapter \u00e0 nos besoins. Allez faire un soin chez elle, vous ne pourrez que \u00eatre satisfait !!\u00a0\u00bb<\/p>\n\n\n\n<p class=\"has-base-color has-contrast-background-color has-text-color has-background has-link-color has-system-sans-serif-font-family has-medium-font-size wp-elements-e62f8b6be3ab2671a1cd0ae85e0c76cd\"><strong>T\u00e9moignage de Nelly : <\/strong><br>\u00ab\u00a0Avec son accueil doux et chaleureux, Karine a su me mettre \u00e0 l&rsquo;aise et a instaur\u00e9 un climat de d\u00e9tente d\u00e8s mon arriv\u00e9e ! Un tr\u00e8s bon moment pour rel\u00e2cher les tensions&#8230; et un effet b\u00e9n\u00e9fique qui dure. Merci pour ce massage, ce soin.\u00a0\u00bb<\/p>\n\n\n\n<p class=\"has-base-color has-contrast-background-color has-text-color has-background has-link-color has-system-sans-serif-font-family has-medium-font-size wp-elements-29db9418b0390ae89ac94778a914e959\"><strong>T\u00e9moignage de Laurence : <\/strong><br>\u00ab\u00a0J&rsquo;ai re\u00e7u un massage \u00ab\u00a0\u00e9toile\u00a0\u00bb aupr\u00e8s de Karine et ce fut un moment tr\u00e8s agr\u00e9able et apaisant tant sur le temps du soin \u00e9nerg\u00e9tique que le temps du massage. L&rsquo;accueil est tr\u00e8s doux et bienveillant, Karine est tr\u00e8s \u00e0 l&rsquo;\u00e9coute et a des mains de f\u00e9e ! Je vous la recommande vivement.\u00a0\u00bb<\/p>\n\n\n\n<p class=\"has-base-color has-contrast-background-color has-text-color has-background has-link-color has-system-sans-serif-font-family has-medium-font-size wp-elements-9172ef442d86d23f48b03333d398fb15\"><strong>T\u00e9moignage de Magali : <\/strong><br>\u00ab\u00a0Un tr\u00e8s beau moment entre les mains expertes de Karine. Vous cherchez \u00e0 vous faire masser, \u00e0 vous d\u00e9tendre, alors n&rsquo;h\u00e9sitez pas, contactez-l\u00e0.\u00a0\u00bb<\/p>\n\n\n\n<p class=\"has-base-color has-contrast-background-color has-text-color has-background has-link-color has-system-sans-serif-font-family has-medium-font-size wp-elements-1a67ea909be2e3a35fa2b9715f8e840a\"><strong>T\u00e9moignage d&rsquo;Anna : <\/strong><br>\u00ab\u00a0Vous avez r\u00e9ussi \u00e0 m&rsquo;apaiser r\u00e9ellement, vous m&rsquo;avez transmis \u00e0 travers ce massage une belle \u00e9nergie positive, pleine d&rsquo;optimisme et de la paix. J&rsquo;ai vraiment failli m&rsquo;endormir tellement j&rsquo;\u00e9tais d\u00e9tendue ! J&rsquo;en avais vraiment besoin et je vous remercie d&rsquo;avoir r\u00e9pondu \u00e0 cela. Vous \u00eates une femme douce et apaisante, je ne peux que parler de vous et de votre prestation autour de moi. Pour moi, vous faites partie de ces personnes qui ont de l&rsquo;or dans les mains. Mille merci, je n&rsquo;h\u00e9siterai pas \u00e0 vous recontacter.\u00a0\u00bb<\/p>\n\n\n\n<p class=\"has-base-color has-contrast-background-color has-text-color has-background has-link-color has-system-sans-serif-font-family has-medium-font-size wp-elements-54472f0a815b4a41f07cf180b44f9ab6\"><strong>T\u00e9moignage de Peggy : <\/strong><br>\u00ab\u00a0Un endroit apaisant, un accueil plein de bienveillance. Un massage tr\u00e8s respectueux, une masseuse tr\u00e8s attentive au bien-\u00eatre et au confort de l&rsquo;autre. Je recommande mille fois.\u00a0\u00bb<\/p>\n\n\n\n<p class=\"has-base-color has-contrast-background-color has-text-color has-background has-link-color has-system-sans-serif-font-family has-medium-font-size wp-elements-a6d095090084f937349e3e7322e702dd\"><strong>T\u00e9moignage de Marie : <\/strong><br>\u00ab\u00a0Votre massage m&rsquo;a fait du bien. Ce fut un pr\u00e9cieux moment pour moi. Vous avez apport\u00e9 un plus sur certaines zones notamment les pieds et le visage, c&rsquo;\u00e9tait tr\u00e8s agr\u00e9able. Tr\u00e8s bonne continuation et gardez votre accueil tout en douceur.\u00a0\u00bb<\/p>\n\n\n\n<p class=\"has-base-color has-contrast-background-color has-text-color has-background has-link-color has-system-sans-serif-font-family has-medium-font-size wp-elements-236547f32447064dd56ef39801a52cb5\" style=\"border-style:none;border-width:0px\"><strong>T\u00e9moignage de Ben :<\/strong><br>\u00ab\u00a0J&rsquo;ai re\u00e7u un excellent massage de Karine. C&rsquo;\u00e9tait une exp\u00e9rience tr\u00e8s relaxante et j&rsquo;ai appr\u00e9ci\u00e9 son approche holistique. Je recommande vivement.\u00a0\u00bb<\/p>\n<\/div>\n<\/div>\n<\/div>\n","protected":false},"excerpt":{"rendered":"<p>T\u00e9moignage d&rsquo;Elina : \u00ab\u00a0Karine est une th\u00e9rapeute comme on n&rsquo;en fait plus : bienveillante, tr\u00e8s \u00e0 l&rsquo;\u00e9coute, une intelligence de c\u0153ur et d&rsquo;esprit qui nous aide \u00e0 d\u00e9m\u00ealer nos anciens sch\u00e9mas, le tout saupoudr\u00e9 d&rsquo;une dose de magie \u00e9nerg\u00e9tique et&#8230; stellaire !! Apr\u00e8s ses soins, je me sens illumin\u00e9e, r\u00e9align\u00e9e, gu\u00e9rie&#8230; Cette femme est un [&hellip;]<\/p>\n","protected":false},"author":1,"featured_media":21,"parent":0,"menu_order":0,"comment_status":"closed","ping_status":"closed","template":"","meta":{"footnotes":""},"class_list":["post-273","page","type-page","status-publish","has-post-thumbnail","hentry"],"aioseo_notices":[],"_links":{"self":[{"href":"https:\/\/signesdesetoiles.fr\/index.php\/wp-json\/wp\/v2\/pages\/273","targetHints":{"allow":["GET"]}}],"collection":[{"href":"https:\/\/signesdesetoiles.fr\/index.php\/wp-json\/wp\/v2\/pages"}],"about":[{"href":"https:\/\/signesdesetoiles.fr\/index.php\/wp-json\/wp\/v2\/types\/page"}],"author":[{"embeddable":true,"href":"https:\/\/signesdesetoiles.fr\/index.php\/wp-json\/wp\/v2\/users\/1"}],"replies":[{"embeddable":true,"href":"https:\/\/signesdesetoiles.fr\/index.php\/wp-json\/wp\/v2\/comments?post=273"}],"version-history":[{"count":3,"href":"https:\/\/signesdesetoiles.fr\/index.php\/wp-json\/wp\/v2\/pages\/273\/revisions"}],"predecessor-version":[{"id":293,"href":"https:\/\/signesdesetoiles.fr\/index.php\/wp-json\/wp\/v2\/pages\/273\/revisions\/293"}],"wp:featuredmedia":[{"embeddable":true,"href":"https:\/\/signesdesetoiles.fr\/index.php\/wp-json\/wp\/v2\/media\/21"}],"wp:attachment":[{"href":"https:\/\/signesdesetoiles.fr\/index.php\/wp-json\/wp\/v2\/media?parent=273"}],"curies":[{"name":"wp","href":"https:\/\/api.w.org\/{rel}","templated":true}]}}