{"id":305,"date":"2025-03-12T14:50:14","date_gmt":"2025-03-12T13:50:14","guid":{"rendered":"https:\/\/signesdesetoiles.fr\/?page_id=305"},"modified":"2025-03-12T14:50:14","modified_gmt":"2025-03-12T13:50:14","slug":"au-fil-de-mes-reflexions","status":"publish","type":"page","link":"https:\/\/signesdesetoiles.fr\/index.php\/au-fil-de-mes-reflexions\/","title":{"rendered":"Au fil de mes r\u00e9flexions&#8230;"},"content":{"rendered":"\n<p><strong><em>La vie est impermanence\u2026<\/em><\/strong><\/p>\n\n\n\n<p>Chaque jour nous donne l\u2019opportunit\u00e9 d\u2019apprendre \u00e0 mieux se conna\u00eetre, au travers d\u2019une chanson, d\u2019un texte, d\u2019un reportage ou d\u2019une rencontre.<br>Chaque jour nous donne la chance de prendre un nouveau chemin au d\u00e9tour d\u2019une prise de conscience, d\u2019une r\u00e9v\u00e9lation, d\u2019un coup de c\u0153ur pour quelque chose ou d\u2019une \u00e9motion porteuse de sens.<\/p>\n\n\n\n<p>Alors, si on nous donne cette chance, cette opportunit\u00e9 chaque jour de changer de voie, de recommencer, de progresser autrement, de d\u00e9marrer une nouvelle vie, pourquoi s\u2019en priver\u00a0?<br>Pourquoi se raisonner et \u00e9couter ses peurs plut\u00f4t que son c\u0153ur\u00a0?<br>Pourquoi s\u2019enfermer dans des cases bien d\u00e9finies et confortables plut\u00f4t que d\u2019oser faire un pas vers l\u2019immensit\u00e9 qui s\u2019offre \u00e0 nous\u00a0?<br>Pourquoi se contenter du quotidien connu plut\u00f4t que d\u2019accueillir l\u2019abondance de l\u2019inconnu\u00a0?<\/p>\n\n\n\n<p>Ce choix est possible chaque jour de ta vie sur Terre.<br>Rien n\u2019est irr\u00e9m\u00e9diable, rien n\u2019est immuable.<br>L\u2019exp\u00e9rience est la base de ton existence.<\/p>\n\n\n\n<p>Alors, d\u00e9cides-tu de vivre ou de survivre dans cette vie qui t\u2019es donn\u00e9e\u00a0?<br>Quel sera ton moteur\u00a0: ton mental ou ton \u00e2me\u00a0?<br>Il n\u2019y a pas de bon ou de mauvais choix. Seulement toi, un \u00eatre qui poursuit son chemin au fil des \u00e9v\u00e9nements, des exp\u00e9riences, des r\u00e9ussites et des \u00e9checs, des projets et des obligations, des r\u00eaves et de la r\u00e9alit\u00e9 terrestre.<\/p>\n\n\n\n<p>Mais rappelles-toi que, sur ce chemin, tu as toujours le choix.<br>Un choix fait en conscience.<br>Un choix o\u00f9 tu d\u00e9cides quel sera ton moteur.<br>Un choix que tu pourras remettre en question demain, puisque\u2026<\/p>\n\n\n\n<p>La vie est impermanence.<\/p>\n\n\n\n<p>Bonne r\u00e9flexion \u00e0 toi et bon cheminement&nbsp;!<\/p>\n\n\n\n<p><em>Mars 2025<\/em><\/p>\n","protected":false},"excerpt":{"rendered":"<p>La vie est impermanence\u2026 Chaque jour nous donne l\u2019opportunit\u00e9 d\u2019apprendre \u00e0 mieux se conna\u00eetre, au travers d\u2019une chanson, d\u2019un texte, d\u2019un reportage ou d\u2019une rencontre.Chaque jour nous donne la chance de prendre un nouveau chemin au d\u00e9tour d\u2019une prise de conscience, d\u2019une r\u00e9v\u00e9lation, d\u2019un coup de c\u0153ur pour quelque chose ou d\u2019une \u00e9motion porteuse de [&hellip;]<\/p>\n","protected":false},"author":1,"featured_media":0,"parent":0,"menu_order":0,"comment_status":"closed","ping_status":"closed","template":"","meta":{"footnotes":""},"class_list":["post-305","page","type-page","status-publish","hentry"],"aioseo_notices":[],"_links":{"self":[{"href":"https:\/\/signesdesetoiles.fr\/index.php\/wp-json\/wp\/v2\/pages\/305","targetHints":{"allow":["GET"]}}],"collection":[{"href":"https:\/\/signesdesetoiles.fr\/index.php\/wp-json\/wp\/v2\/pages"}],"about":[{"href":"https:\/\/signesdesetoiles.fr\/index.php\/wp-json\/wp\/v2\/types\/page"}],"author":[{"embeddable":true,"href":"https:\/\/signesdesetoiles.fr\/index.php\/wp-json\/wp\/v2\/users\/1"}],"replies":[{"embeddable":true,"href":"https:\/\/signesdesetoiles.fr\/index.php\/wp-json\/wp\/v2\/comments?post=305"}],"version-history":[{"count":2,"href":"https:\/\/signesdesetoiles.fr\/index.php\/wp-json\/wp\/v2\/pages\/305\/revisions"}],"predecessor-version":[{"id":307,"href":"https:\/\/signesdesetoiles.fr\/index.php\/wp-json\/wp\/v2\/pages\/305\/revisions\/307"}],"wp:attachment":[{"href":"https:\/\/signesdesetoiles.fr\/index.php\/wp-json\/wp\/v2\/media?parent=305"}],"curies":[{"name":"wp","href":"https:\/\/api.w.org\/{rel}","templated":true}]}}