{"id":65,"date":"2024-03-26T21:51:10","date_gmt":"2024-03-26T20:51:10","guid":{"rendered":"https:\/\/signesdesetoiles.fr\/?page_id=65"},"modified":"2025-10-10T17:34:52","modified_gmt":"2025-10-10T15:34:52","slug":"prestations","status":"publish","type":"page","link":"https:\/\/signesdesetoiles.fr\/index.php\/prestations\/","title":{"rendered":"Massages bien-\u00eatre"},"content":{"rendered":"\n<p class=\"has-text-align-left\">En plus de la dur\u00e9e du soin, mes s\u00e9ances sont pr\u00e9c\u00e9d\u00e9es d&rsquo;un temps d&rsquo;\u00e9changes pour faire le point sur votre \u00e9tat de sant\u00e9 <em>(avec envoi d&rsquo;un questionnaire au pr\u00e9alable par mail)<\/em> et votre \u00e9tat d&rsquo;\u00eatre le jour J afin de vous offrir le massage le plus en ad\u00e9quation possible avec vos besoins.<\/p>\n\n\n\n<p><em><mark style=\"background-color:rgba(0, 0, 0, 0)\" class=\"has-inline-color has-custom-couleur-4-color\">Mes s\u00e9ances de massage sont r\u00e9serv\u00e9es aux femmes et aux enfants \/ ados. J&rsquo;accueille les hommes uniquement sur recommandation directe (client\u00e8le, entourage, professionnels du bien-\u00eatre et de la sant\u00e9&#8230;).<\/mark><\/em><\/p>\n\n\n\n<p><\/p>\n\n\n\n<figure class=\"wp-block-image size-large is-resized\"><img loading=\"lazy\" decoding=\"async\" width=\"1024\" height=\"680\" src=\"https:\/\/signesdesetoiles.fr\/wp-content\/uploads\/2024\/03\/hands-1327811_1280-1024x680.jpg\" alt=\"\" class=\"wp-image-75\" style=\"width:279px;height:auto\" srcset=\"https:\/\/signesdesetoiles.fr\/wp-content\/uploads\/2024\/03\/hands-1327811_1280-1024x680.jpg 1024w, https:\/\/signesdesetoiles.fr\/wp-content\/uploads\/2024\/03\/hands-1327811_1280-300x199.jpg 300w, https:\/\/signesdesetoiles.fr\/wp-content\/uploads\/2024\/03\/hands-1327811_1280-768x510.jpg 768w, https:\/\/signesdesetoiles.fr\/wp-content\/uploads\/2024\/03\/hands-1327811_1280.jpg 1280w\" sizes=\"auto, (max-width: 1024px) 100vw, 1024px\" \/><\/figure>\n\n\n\n<p><strong><mark style=\"background-color:rgba(0, 0, 0, 0)\" class=\"has-inline-color has-custom-couleur-4-color\">MASSAGE INTUITIF<\/mark><\/strong> <br>Massage bien-\u00eatre enti\u00e8rement personnalis\u00e9 en fonction de vos besoins et de vos attentes du moment.<br><br><em><mark style=\"background-color:rgba(0, 0, 0, 0)\" class=\"has-inline-color has-custom-couleur-4-color\">30 min <\/mark><mark style=\"background-color:rgba(0, 0, 0, 0);color:#973C20\" class=\"has-inline-color\"> <\/mark>&#8211;  une zone du corps (dos, jambes, \u00e9paules &#8211; cr\u00e2ne) pour d\u00e9tendre des tensions cibl\u00e9es  &gt;&gt;  <strong>40 \u20ac<\/strong><br><mark style=\"background-color:rgba(0, 0, 0, 0)\" class=\"has-inline-color has-custom-couleur-4-color\">45 min<\/mark>  &#8211;  deux ou trois zones du corps pour d\u00e9tendre plusieurs tensions sp\u00e9cifiques  &gt;&gt;  <strong>60 \u20ac<\/strong><br><mark style=\"background-color:rgba(0, 0, 0, 0)\" class=\"has-inline-color has-custom-couleur-4-color\">60 min<\/mark>  &#8211;  corps dans sa globalit\u00e9 pour un moment de d\u00e9tente et de d\u00e9connexion total  &gt;&gt;  <strong>70 \u20ac<\/strong><\/em><br><em><mark style=\"background-color:rgba(0, 0, 0, 0)\" class=\"has-inline-color has-custom-couleur-4-color\">75 min<\/mark>  &#8211;  corps dans sa globalit\u00e9 avec massage en profondeur des zones tendues pour une relaxation intense et durable  &gt;&gt;  <strong>80 \u20ac<\/strong><\/em><\/p>\n\n\n\n<div class=\"wp-block-buttons is-layout-flex wp-block-buttons-is-layout-flex\">\n<div class=\"wp-block-button\"><a class=\"wp-block-button__link wp-element-button\" href=\"https:\/\/www.resalib.fr\/praticien\/113778-karine-valour-signes-des-etoiles-praticien-en-massage-bien-etre-la-roque-sur-ceze#newrdvmodal\">Prendre RDV<\/a><\/div>\n<\/div>\n\n\n\n<p><\/p>\n\n\n\n<figure class=\"wp-block-image size-full is-resized\"><img loading=\"lazy\" decoding=\"async\" width=\"640\" height=\"427\" src=\"http:\/\/signesdesetoiles.fr\/wp-content\/uploads\/2024\/03\/massage-6073727_640.jpg\" alt=\"\" class=\"wp-image-85\" style=\"width:277px;height:auto\" srcset=\"https:\/\/signesdesetoiles.fr\/wp-content\/uploads\/2024\/03\/massage-6073727_640.jpg 640w, https:\/\/signesdesetoiles.fr\/wp-content\/uploads\/2024\/03\/massage-6073727_640-300x200.jpg 300w\" sizes=\"auto, (max-width: 640px) 100vw, 640px\" \/><\/figure>\n\n\n\n<p><strong><mark style=\"background-color:rgba(0, 0, 0, 0)\" class=\"has-inline-color has-custom-couleur-4-color\">MASSAGE D\u00c9CONNEXION EXPRESS<\/mark><\/strong><br>Massage du dos, de la nuque, du cr\u00e2ne et du visage pour un effet anti-stress et relaxant garantis.<br> <br><em><mark style=\"background-color:rgba(0, 0, 0, 0)\" class=\"has-inline-color has-custom-couleur-4-color\">30 min<\/mark>  &#8211;  pour r\u00e9guler, d\u00e9nouer, apaiser, harmoniser tout le haut du corps sujet aux multiples stress et tensions du quotidien  &gt;&gt;  <strong>40 \u20ac<\/strong><\/em><br><em><mark style=\"background-color:rgba(0, 0, 0, 0)\" class=\"has-inline-color has-custom-couleur-4-color\">45 min <\/mark> &#8211;  pour vous apporter tous ces bienfaits en profondeur  &gt;&gt;  <strong>60 \u20ac<\/strong><\/em><\/p>\n\n\n\n<div class=\"wp-block-buttons is-layout-flex wp-block-buttons-is-layout-flex\">\n<div class=\"wp-block-button\"><a class=\"wp-block-button__link wp-element-button\" href=\"https:\/\/www.resalib.fr\/praticien\/113778-karine-valour-signes-des-etoiles-praticien-en-massage-bien-etre-la-roque-sur-ceze#newrdvmodal\">Prendre RDV<\/a><\/div>\n<\/div>\n\n\n\n<p><\/p>\n\n\n\n<figure class=\"wp-block-image size-full is-resized\"><img loading=\"lazy\" decoding=\"async\" width=\"640\" height=\"416\" src=\"http:\/\/signesdesetoiles.fr\/wp-content\/uploads\/2024\/03\/massage-6520411_640-1.jpg\" alt=\"\" class=\"wp-image-160\" style=\"width:276px;height:auto\" srcset=\"https:\/\/signesdesetoiles.fr\/wp-content\/uploads\/2024\/03\/massage-6520411_640-1.jpg 640w, https:\/\/signesdesetoiles.fr\/wp-content\/uploads\/2024\/03\/massage-6520411_640-1-300x195.jpg 300w\" sizes=\"auto, (max-width: 640px) 100vw, 640px\" \/><\/figure>\n\n\n\n<p><strong><mark style=\"background-color:rgba(0, 0, 0, 0)\" class=\"has-inline-color has-custom-couleur-4-color\">MASSAGE ENFANT\/ADO<\/mark><\/strong><br>Massage doux et enveloppant, adapt\u00e9 \u00e0 sa physionomie et \u00e0 ses besoins du moment, pour une pause du mental et une reconnexion \u00e0 son corps<br><br><em><mark style=\"background-color:rgba(0, 0, 0, 0)\" class=\"has-inline-color has-custom-couleur-4-color\">30 min<\/mark>  &#8211;  zones du corps \u00e0 d\u00e9finir ensemble  &gt;&gt;  <strong>35 \u20ac<\/strong><\/em><\/p>\n\n\n\n<div class=\"wp-block-buttons is-content-justification-left is-layout-flex wp-container-core-buttons-is-layout-fc4fd283 wp-block-buttons-is-layout-flex\">\n<div class=\"wp-block-button\"><a class=\"wp-block-button__link wp-element-button\" href=\"https:\/\/www.resalib.fr\/praticien\/113778-karine-valour-signes-des-etoiles-praticien-en-massage-bien-etre-la-roque-sur-ceze#newrdvmodal\">Prendre RDV<\/a><\/div>\n<\/div>\n\n\n\n<p><strong><mark style=\"background-color:rgba(0, 0, 0, 0)\" class=\"has-inline-color has-custom-couleur-2-color\">CONTRE-INDICATIONS M\u00c9DICALES<\/mark><\/strong><\/p>\n\n\n\n<p>Par pr\u00e9caution, et parce qu&rsquo;un massage bien-\u00eatre, bien que relaxant, peut avoir des implications sur votre \u00e9tat de sant\u00e9 si celle-ci est fragile, la s\u00e9ance pourra \u00eatre refus\u00e9e ou report\u00e9e dans les cas suivants : <br>* Grossesse \u2013 1er trimestre<br>* Cancer (sauf accord m\u00e9dical)<br>* Probl\u00e8mes cardio-vasculaires \/ hypertension (sauf accord m\u00e9dical)<br>* Probl\u00e8mes de peau, vaisseaux fragiles, plaies, varices, phl\u00e9bite<br>* Douleurs aigu\u00ebs \/ inflammations (sciatique, lumbago, hernie\u2026)<br>* Fi\u00e8vre, maladie infectieuse<br>* Fracture ou op\u00e9ration de moins de 6 mois (sauf accord m\u00e9dical), ost\u00e9oporose<br>* Probl\u00e8mes musculosquelettiques (arthrose, arthrite, tendinite\u2026sauf accord m\u00e9dical)<br>* Diab\u00e8te avec complications<br><em>En cas de doute, merci de consulter votre m\u00e9decin pour un avis. Un certificat m\u00e9dical pourra \u00eatre exig\u00e9 dans certains cas.<\/em><\/p>\n\n\n\n<p><em>Tous les soins propos\u00e9s sont non-th\u00e9rapeutiques, non m\u00e9dicaux et non sexuels.<\/em><\/p>\n","protected":false},"excerpt":{"rendered":"<p>En plus de la dur\u00e9e du soin, mes s\u00e9ances sont pr\u00e9c\u00e9d\u00e9es d&rsquo;un temps d&rsquo;\u00e9changes pour faire le point sur votre \u00e9tat de sant\u00e9 (avec envoi d&rsquo;un questionnaire au pr\u00e9alable par mail) et votre \u00e9tat d&rsquo;\u00eatre le jour J afin de vous offrir le massage le plus en ad\u00e9quation possible avec vos besoins. Mes s\u00e9ances de [&hellip;]<\/p>\n","protected":false},"author":1,"featured_media":0,"parent":0,"menu_order":0,"comment_status":"closed","ping_status":"closed","template":"","meta":{"footnotes":""},"class_list":["post-65","page","type-page","status-publish","hentry"],"aioseo_notices":[],"_links":{"self":[{"href":"https:\/\/signesdesetoiles.fr\/index.php\/wp-json\/wp\/v2\/pages\/65","targetHints":{"allow":["GET"]}}],"collection":[{"href":"https:\/\/signesdesetoiles.fr\/index.php\/wp-json\/wp\/v2\/pages"}],"about":[{"href":"https:\/\/signesdesetoiles.fr\/index.php\/wp-json\/wp\/v2\/types\/page"}],"author":[{"embeddable":true,"href":"https:\/\/signesdesetoiles.fr\/index.php\/wp-json\/wp\/v2\/users\/1"}],"replies":[{"embeddable":true,"href":"https:\/\/signesdesetoiles.fr\/index.php\/wp-json\/wp\/v2\/comments?post=65"}],"version-history":[{"count":34,"href":"https:\/\/signesdesetoiles.fr\/index.php\/wp-json\/wp\/v2\/pages\/65\/revisions"}],"predecessor-version":[{"id":360,"href":"https:\/\/signesdesetoiles.fr\/index.php\/wp-json\/wp\/v2\/pages\/65\/revisions\/360"}],"wp:attachment":[{"href":"https:\/\/signesdesetoiles.fr\/index.php\/wp-json\/wp\/v2\/media?parent=65"}],"curies":[{"name":"wp","href":"https:\/\/api.w.org\/{rel}","templated":true}]}}